{"id":95,"date":"2020-05-17T18:59:16","date_gmt":"2020-05-17T18:59:16","guid":{"rendered":"https:\/\/demosites.io\/yoga-studio-gb\/?page_id=95"},"modified":"2023-08-07T14:03:36","modified_gmt":"2023-08-07T14:03:36","slug":"ubermich","status":"publish","type":"page","link":"https:\/\/katamasszazsstudio.com\/de\/ubermich\/","title":{"rendered":"\u00dcber mich"},"content":{"rendered":"\n<div id=\"wp-block-themeisle-blocks-advanced-columns-de58857b\" class=\"wp-block-themeisle-blocks-advanced-columns alignfull has-1-columns has-desktop-equal-layout has-tablet-equal-layout has-mobile-equal-layout has-vertical-unset\"><div class=\"wp-block-themeisle-blocks-advanced-columns-overlay\"><\/div><div class=\"innerblocks-wrap\">\n<div id=\"wp-block-themeisle-blocks-advanced-column-f2953736\" class=\"wp-block-themeisle-blocks-advanced-column\">\n<div id=\"wp-block-themeisle-blocks-font-awesome-icons-95d89820\" class=\"wp-block-themeisle-blocks-font-awesome-icons\"><span class=\"wp-block-themeisle-blocks-font-awesome-icons-container\"><i class=\"fas fa-hamsa\"><\/i><\/span><\/div>\n\n\n\n<h1 id=\"wp-block-themeisle-blocks-advanced-heading-c0b67f5b\" class=\"wp-block-themeisle-blocks-advanced-heading wp-block-themeisle-blocks-advanced-heading-c0b67f5b\">Kurz \u00fcber mich<\/h1>\n<\/div>\n<\/div><\/div>\n\n\n\n<div id=\"wp-block-themeisle-blocks-advanced-columns-e9cd1f42\" class=\"wp-block-themeisle-blocks-advanced-columns alignfull has-2-columns has-desktop-oneTwo-layout has-tablet-equal-layout has-mobile-collapsedRows-layout has-vertical-center has-light-bg\"><div class=\"wp-block-themeisle-blocks-advanced-columns-overlay\"><\/div><div class=\"innerblocks-wrap\">\n<div id=\"wp-block-themeisle-blocks-advanced-column-0b871236\" class=\"wp-block-themeisle-blocks-advanced-column\">\n<h4 class=\"wp-block-heading has-neve-button-color-color has-text-color\"><strong>\u00dcber mich<\/strong><\/h4>\n\n\n\n<h2 class=\"wp-block-heading\">Mein Name ist Kata Balogh, ich praktiziere seit 25 Jahren verschiedene Massage.<\/h2>\n\n\n\n<p>Ich mag meine Arbeit sehr. Wenn ich arbeite, betrachte ich die Muskeln und Gelenke wie ein<br>wie ein Instrument, das gestimmt und bearbeitet werden muss, damit es wieder richtig funktioniert.<\/p>\n\n\n\n<div class=\"wp-block-buttons is-layout-flex wp-block-buttons-is-layout-flex\">\n<div class=\"wp-block-button is-style-primary\"><a class=\"wp-block-button__link wp-element-button\" href=\"https:\/\/katamasszazsstudio.com\/de\/dienstleistungen\/\">Massage arten<\/a><\/div>\n<\/div>\n<\/div>\n\n\n\n<div id=\"wp-block-themeisle-blocks-advanced-column-58ba5715\" class=\"wp-block-themeisle-blocks-advanced-column\">\n<figure class=\"wp-block-image size-large\"><img loading=\"lazy\" decoding=\"async\" width=\"768\" height=\"1024\" src=\"https:\/\/rgwebstudio.hu\/root\/wp-content\/uploads\/2023\/07\/IMG_1416-768x1024.jpg\" alt=\"\" class=\"wp-image-272\" srcset=\"https:\/\/katamasszazsstudio.com\/de\/wp-content\/uploads\/2023\/07\/IMG_1416-768x1024.jpg 768w, https:\/\/katamasszazsstudio.com\/de\/wp-content\/uploads\/2023\/07\/IMG_1416-225x300.jpg 225w, https:\/\/katamasszazsstudio.com\/de\/wp-content\/uploads\/2023\/07\/IMG_1416-1152x1536.jpg 1152w, https:\/\/katamasszazsstudio.com\/de\/wp-content\/uploads\/2023\/07\/IMG_1416-1536x2048.jpg 1536w, https:\/\/katamasszazsstudio.com\/de\/wp-content\/uploads\/2023\/07\/IMG_1416-scaled.jpg 1920w\" sizes=\"auto, (max-width: 768px) 100vw, 768px\" \/><\/figure>\n<\/div>\n<\/div><\/div>\n\n\n\n<h2 class=\"wp-block-heading has-text-align-center\">Die Geschichte des Salons<\/h2>\n\n\n\n<div id=\"wp-block-themeisle-blocks-advanced-columns-e17c975d\" class=\"wp-block-themeisle-blocks-advanced-columns has-1-columns has-desktop-equal-layout has-tablet-equal-layout has-mobile-collapsedRows-layout has-vertical-unset\"><div class=\"wp-block-themeisle-blocks-advanced-columns-overlay\"><\/div><div class=\"innerblocks-wrap\">\n<div id=\"wp-block-themeisle-blocks-advanced-column-381cd63b\" class=\"wp-block-themeisle-blocks-advanced-column\">\n<p>Als ich dieses Haus gekauft habe, mein erster Gedanke war, hier eine kleine Insel aufbauen, wo meine G\u00e4ste f\u00fchlen sie sich wie zu Hause. Sie kommen zur Behandlung, und setzten sich dann in den Garten, in dem sie die entspannende Natur geniessen k\u00f6nnen. Am 1. November 2022 habe ich mein Massagestudio ge\u00f6ffnet.Ich habe alles selbst aufgebaut: ged\u00e4mmt, gemalt, Parkett verlegt.. Ich habe aber meine Arbeit immer mit Herz und Seele gemacht.<\/p>\n<\/div>\n<\/div><\/div>\n\n\n\n<div id=\"wp-block-themeisle-blocks-advanced-columns-d05112cd\" class=\"wp-block-themeisle-blocks-advanced-columns alignfull has-3-columns has-desktop-equal-layout has-tablet-equal-layout has-mobile-collapsedRows-layout has-vertical-unset has-dark-bg\"><div class=\"wp-block-themeisle-blocks-advanced-columns-overlay\"><\/div><div class=\"innerblocks-wrap\">\n<div id=\"wp-block-themeisle-blocks-advanced-column-1ccd96e3\" class=\"wp-block-themeisle-blocks-advanced-column\">\n<figure class=\"wp-block-image size-large\"><img loading=\"lazy\" decoding=\"async\" width=\"768\" height=\"1024\" src=\"https:\/\/rgwebstudio.hu\/root\/wp-content\/uploads\/2023\/07\/IMG_1430-768x1024.jpg\" alt=\"\" class=\"wp-image-269\" srcset=\"https:\/\/katamasszazsstudio.com\/de\/wp-content\/uploads\/2023\/07\/IMG_1430-768x1024.jpg 768w, https:\/\/katamasszazsstudio.com\/de\/wp-content\/uploads\/2023\/07\/IMG_1430-225x300.jpg 225w, https:\/\/katamasszazsstudio.com\/de\/wp-content\/uploads\/2023\/07\/IMG_1430-1152x1536.jpg 1152w, https:\/\/katamasszazsstudio.com\/de\/wp-content\/uploads\/2023\/07\/IMG_1430-1536x2048.jpg 1536w, https:\/\/katamasszazsstudio.com\/de\/wp-content\/uploads\/2023\/07\/IMG_1430-scaled.jpg 1920w\" sizes=\"auto, (max-width: 768px) 100vw, 768px\" \/><\/figure>\n<\/div>\n\n\n\n<div id=\"wp-block-themeisle-blocks-advanced-column-1e7f19a6\" class=\"wp-block-themeisle-blocks-advanced-column\">\n<figure class=\"wp-block-image size-large\"><img loading=\"lazy\" decoding=\"async\" width=\"768\" height=\"1024\" src=\"https:\/\/rgwebstudio.hu\/root\/wp-content\/uploads\/2023\/07\/IMG_1429-768x1024.jpg\" alt=\"\" class=\"wp-image-270\" srcset=\"https:\/\/katamasszazsstudio.com\/de\/wp-content\/uploads\/2023\/07\/IMG_1429-768x1024.jpg 768w, https:\/\/katamasszazsstudio.com\/de\/wp-content\/uploads\/2023\/07\/IMG_1429-225x300.jpg 225w, https:\/\/katamasszazsstudio.com\/de\/wp-content\/uploads\/2023\/07\/IMG_1429-1152x1536.jpg 1152w, https:\/\/katamasszazsstudio.com\/de\/wp-content\/uploads\/2023\/07\/IMG_1429-1536x2048.jpg 1536w, https:\/\/katamasszazsstudio.com\/de\/wp-content\/uploads\/2023\/07\/IMG_1429-scaled.jpg 1920w\" sizes=\"auto, (max-width: 768px) 100vw, 768px\" \/><\/figure>\n<\/div>\n\n\n\n<div id=\"wp-block-themeisle-blocks-advanced-column-6a7ad18d\" class=\"wp-block-themeisle-blocks-advanced-column\">\n<figure class=\"wp-block-image size-large\"><img loading=\"lazy\" decoding=\"async\" width=\"768\" height=\"1024\" src=\"https:\/\/rgwebstudio.hu\/root\/wp-content\/uploads\/2023\/07\/IMG_1428-768x1024.jpg\" alt=\"\" class=\"wp-image-271\" srcset=\"https:\/\/katamasszazsstudio.com\/de\/wp-content\/uploads\/2023\/07\/IMG_1428-768x1024.jpg 768w, https:\/\/katamasszazsstudio.com\/de\/wp-content\/uploads\/2023\/07\/IMG_1428-225x300.jpg 225w, https:\/\/katamasszazsstudio.com\/de\/wp-content\/uploads\/2023\/07\/IMG_1428-1152x1536.jpg 1152w, https:\/\/katamasszazsstudio.com\/de\/wp-content\/uploads\/2023\/07\/IMG_1428-1536x2048.jpg 1536w, https:\/\/katamasszazsstudio.com\/de\/wp-content\/uploads\/2023\/07\/IMG_1428-scaled.jpg 1920w\" sizes=\"auto, (max-width: 768px) 100vw, 768px\" \/><\/figure>\n<\/div>\n<\/div><\/div>\n\n\n\n<div id=\"wp-block-themeisle-blocks-advanced-columns-2d9c107f\" class=\"wp-block-themeisle-blocks-advanced-columns alignfull has-1-columns has-desktop-equal-layout has-tablet-equal-layout has-mobile-collapsedRows-layout has-vertical-unset has-light-bg\"><div class=\"wp-block-themeisle-blocks-advanced-columns-overlay\"><\/div><div class=\"innerblocks-wrap\">\n<div id=\"wp-block-themeisle-blocks-advanced-column-55304cde\" class=\"wp-block-themeisle-blocks-advanced-column\">\n<div id=\"wp-block-themeisle-blocks-icon-list-9c3ec765\" class=\"wp-block-themeisle-blocks-icon-list is-style-horizontal\">\n<div id=\"wp-block-themeisle-blocks-icon-list-item-16fa86a8\" class=\"wp-block-themeisle-blocks-icon-list-item\"><i class=\"fas fa-spa wp-block-themeisle-blocks-icon-list-item-icon-custom\"><\/i><p class=\"wp-block-themeisle-blocks-icon-list-item-content-custom\"><strong>VERSCHIEDENE ARTEN VON MASSAGEN<\/strong><\/p><\/div>\n\n\n\n<div id=\"wp-block-themeisle-blocks-icon-list-item-592c038f\" class=\"wp-block-themeisle-blocks-icon-list-item\"><i class=\"fas fa-yin-yang wp-block-themeisle-blocks-icon-list-item-icon-custom\"><\/i><p class=\"wp-block-themeisle-blocks-icon-list-item-content-custom\"><strong>VOLLST\u00c4NDIGE AUFLADUNG<\/strong><\/p><\/div>\n\n\n\n<div id=\"wp-block-themeisle-blocks-icon-list-item-bfcfc5e0\" class=\"wp-block-themeisle-blocks-icon-list-item\"><i class=\"fas fa-universal-access wp-block-themeisle-blocks-icon-list-item-icon-custom\"><\/i><p class=\"wp-block-themeisle-blocks-icon-list-item-content-custom\"><strong>F\u00dcR ALLE ALTERSGRUPPEN<\/strong><\/p><\/div>\n<\/div>\n<\/div>\n<\/div><\/div>\n\n\n\n<div id=\"wp-block-themeisle-blocks-advanced-columns-d5e619fa\" class=\"wp-block-themeisle-blocks-advanced-columns alignfull has-5-columns has-desktop-equal-layout has-tablet-equal-layout has-mobile-collapsedRows-layout has-vertical-unset has-light-bg\"><div class=\"wp-block-themeisle-blocks-advanced-columns-overlay\"><\/div><div class=\"innerblocks-wrap\">\n<div id=\"wp-block-themeisle-blocks-advanced-column-4173b05f\" class=\"wp-block-themeisle-blocks-advanced-column\">\n<h3 id=\"wp-block-themeisle-blocks-advanced-heading-e66467bd\" class=\"wp-block-themeisle-blocks-advanced-heading wp-block-themeisle-blocks-advanced-heading-e66467bd\">Dienstag<\/h3>\n\n\n\n<div id=\"wp-block-themeisle-blocks-icon-list-66f93790\" class=\"wp-block-themeisle-blocks-icon-list\">\n<div id=\"wp-block-themeisle-blocks-icon-list-item-3f9e193b\" class=\"wp-block-themeisle-blocks-icon-list-item\"><i class=\"far fa-clock wp-block-themeisle-blocks-icon-list-item-icon-custom\"><\/i><p class=\"wp-block-themeisle-blocks-icon-list-item-content\"><strong>8:00-20:00<\/strong><\/p><\/div>\n<\/div>\n<\/div>\n\n\n\n<div id=\"wp-block-themeisle-blocks-advanced-column-68d3c0e0\" class=\"wp-block-themeisle-blocks-advanced-column\">\n<h3 id=\"wp-block-themeisle-blocks-advanced-heading-55a39cc0\" class=\"wp-block-themeisle-blocks-advanced-heading wp-block-themeisle-blocks-advanced-heading-55a39cc0\">Mittwoch<\/h3>\n\n\n\n<div id=\"wp-block-themeisle-blocks-icon-list-4ff07f97\" class=\"wp-block-themeisle-blocks-icon-list\">\n<div id=\"wp-block-themeisle-blocks-icon-list-item-5dcf8a3a\" class=\"wp-block-themeisle-blocks-icon-list-item\"><i class=\"far fa-clock wp-block-themeisle-blocks-icon-list-item-icon-custom\"><\/i><p class=\"wp-block-themeisle-blocks-icon-list-item-content\"><strong>8:00-20:00<\/strong><\/p><\/div>\n<\/div>\n<\/div>\n\n\n\n<div id=\"wp-block-themeisle-blocks-advanced-column-a1fb5b02\" class=\"wp-block-themeisle-blocks-advanced-column\">\n<h3 id=\"wp-block-themeisle-blocks-advanced-heading-a184cf63\" class=\"wp-block-themeisle-blocks-advanced-heading wp-block-themeisle-blocks-advanced-heading-a184cf63\">Donnerstag<\/h3>\n\n\n\n<div id=\"wp-block-themeisle-blocks-icon-list-4fe16744\" class=\"wp-block-themeisle-blocks-icon-list\">\n<div id=\"wp-block-themeisle-blocks-icon-list-item-230d42d4\" class=\"wp-block-themeisle-blocks-icon-list-item\"><i class=\"far fa-clock wp-block-themeisle-blocks-icon-list-item-icon-custom\"><\/i><p class=\"wp-block-themeisle-blocks-icon-list-item-content\"><strong>8:00-20:00<\/strong><\/p><\/div>\n<\/div>\n<\/div>\n\n\n\n<div id=\"wp-block-themeisle-blocks-advanced-column-56bab9f6\" class=\"wp-block-themeisle-blocks-advanced-column\">\n<h3 id=\"wp-block-themeisle-blocks-advanced-heading-7490caa6\" class=\"wp-block-themeisle-blocks-advanced-heading wp-block-themeisle-blocks-advanced-heading-7490caa6\">Freitag<\/h3>\n\n\n\n<div id=\"wp-block-themeisle-blocks-icon-list-59030408\" class=\"wp-block-themeisle-blocks-icon-list\">\n<div id=\"wp-block-themeisle-blocks-icon-list-item-aca36253\" class=\"wp-block-themeisle-blocks-icon-list-item\"><i class=\"far fa-clock wp-block-themeisle-blocks-icon-list-item-icon-custom\"><\/i><p class=\"wp-block-themeisle-blocks-icon-list-item-content\"><strong>8:00-20:00<\/strong><\/p><\/div>\n<\/div>\n<\/div>\n\n\n\n<div id=\"wp-block-themeisle-blocks-advanced-column-28c0fcd3\" class=\"wp-block-themeisle-blocks-advanced-column\">\n<h3 id=\"wp-block-themeisle-blocks-advanced-heading-a7fd56c7\" class=\"wp-block-themeisle-blocks-advanced-heading wp-block-themeisle-blocks-advanced-heading-a7fd56c7\">Samstag<\/h3>\n\n\n\n<div id=\"wp-block-themeisle-blocks-icon-list-1097db49\" class=\"wp-block-themeisle-blocks-icon-list\">\n<div id=\"wp-block-themeisle-blocks-icon-list-item-c6d80e45\" class=\"wp-block-themeisle-blocks-icon-list-item\"><i class=\"far fa-clock wp-block-themeisle-blocks-icon-list-item-icon-custom\"><\/i><p class=\"wp-block-themeisle-blocks-icon-list-item-content\"><strong>8:00-16:00<\/strong><\/p><\/div>\n<\/div>\n<\/div>\n<\/div><\/div>\n","protected":false},"excerpt":{"rendered":"<p>Die Geschichte des Salons<\/p>\n","protected":false},"author":1,"featured_media":0,"parent":0,"menu_order":0,"comment_status":"closed","ping_status":"closed","template":"page-templates\/template-pagebuilder-full-width.php","meta":{"neve_meta_sidebar":"full-width","neve_meta_container":"contained","neve_meta_enable_content_width":"on","neve_meta_content_width":60,"neve_meta_title_alignment":"","neve_meta_author_avatar":"","neve_post_elements_order":"","neve_meta_disable_header":"","neve_meta_disable_footer":"","neve_meta_disable_title":"on","_themeisle_gutenberg_block_has_review":false,"_ti_tpc_template_sync":false,"_ti_tpc_template_id":"7o0q7dae09nddh89bblt","footnotes":""},"class_list":["post-95","page","type-page","status-publish","hentry"],"_links":{"self":[{"href":"https:\/\/katamasszazsstudio.com\/de\/wp-json\/wp\/v2\/pages\/95","targetHints":{"allow":["GET"]}}],"collection":[{"href":"https:\/\/katamasszazsstudio.com\/de\/wp-json\/wp\/v2\/pages"}],"about":[{"href":"https:\/\/katamasszazsstudio.com\/de\/wp-json\/wp\/v2\/types\/page"}],"author":[{"embeddable":true,"href":"https:\/\/katamasszazsstudio.com\/de\/wp-json\/wp\/v2\/users\/1"}],"replies":[{"embeddable":true,"href":"https:\/\/katamasszazsstudio.com\/de\/wp-json\/wp\/v2\/comments?post=95"}],"version-history":[{"count":21,"href":"https:\/\/katamasszazsstudio.com\/de\/wp-json\/wp\/v2\/pages\/95\/revisions"}],"predecessor-version":[{"id":421,"href":"https:\/\/katamasszazsstudio.com\/de\/wp-json\/wp\/v2\/pages\/95\/revisions\/421"}],"wp:attachment":[{"href":"https:\/\/katamasszazsstudio.com\/de\/wp-json\/wp\/v2\/media?parent=95"}],"curies":[{"name":"wp","href":"https:\/\/api.w.org\/{rel}","templated":true}]}}