{"id":94,"date":"2020-05-15T20:15:38","date_gmt":"2020-05-15T20:15:38","guid":{"rendered":"https:\/\/demosites.io\/yoga-studio-gb\/?page_id=94"},"modified":"2023-08-07T14:08:47","modified_gmt":"2023-08-07T14:08:47","slug":"hauptseite","status":"publish","type":"page","link":"https:\/\/katamasszazsstudio.com\/de\/","title":{"rendered":"Hauptseite"},"content":{"rendered":"\n<div id=\"wp-block-themeisle-blocks-advanced-columns-c66cca8a\" class=\"wp-block-themeisle-blocks-advanced-columns alignfull has-1-columns has-desktop-equal-layout has-tablet-equal-layout has-mobile-equal-layout has-vertical-unset\"><div class=\"wp-block-themeisle-blocks-advanced-columns-overlay\"><\/div><div class=\"innerblocks-wrap\">\n<div id=\"wp-block-themeisle-blocks-advanced-column-38b46dce\" class=\"wp-block-themeisle-blocks-advanced-column\">\n<h2 class=\"wp-block-heading has-text-align-center has-nv-text-dark-bg-color has-text-color\">Es gibt keine zwei gleichen Menschen, sowie auch keine zwei gleichen Massagen.<\/h2>\n\n\n\n<figure class=\"wp-block-gallery alignwide has-nested-images columns-default is-cropped wp-block-gallery-1 is-layout-flex wp-block-gallery-is-layout-flex\">\n<figure class=\"wp-block-image size-large\"><img loading=\"lazy\" decoding=\"async\" width=\"3024\" height=\"2008\" data-id=\"422\" src=\"https:\/\/katamasszazsstudio.com\/de\/wp-content\/uploads\/2023\/08\/katamasszazsbackground-3024x2008.jpg\" alt=\"\" class=\"wp-image-422\" srcset=\"https:\/\/katamasszazsstudio.com\/de\/wp-content\/uploads\/2023\/08\/katamasszazsbackground-3024x2008.jpg 3024w, https:\/\/katamasszazsstudio.com\/de\/wp-content\/uploads\/2023\/08\/katamasszazsbackground-600x398.jpg 600w, https:\/\/katamasszazsstudio.com\/de\/wp-content\/uploads\/2023\/08\/katamasszazsbackground-768x510.jpg 768w, https:\/\/katamasszazsstudio.com\/de\/wp-content\/uploads\/2023\/08\/katamasszazsbackground-1536x1020.jpg 1536w, https:\/\/katamasszazsstudio.com\/de\/wp-content\/uploads\/2023\/08\/katamasszazsbackground-2048x1360.jpg 2048w\" sizes=\"auto, (max-width: 3024px) 100vw, 3024px\" \/><\/figure>\n<\/figure>\n\n\n\n<p><\/p>\n\n\n\n<p class=\"has-text-align-center has-nv-text-dark-bg-color has-text-color\">Die Massage ist eine nat\u00fcrliche Heilmethode zur Unterst\u00fctzung Selbstheilungskr\u00e4fte des K\u00f6rpers.<\/p>\n<\/div>\n<\/div><\/div>\n\n\n\n<div id=\"wp-block-themeisle-blocks-advanced-columns-a0467e79\" class=\"wp-block-themeisle-blocks-advanced-columns alignfull has-2-columns has-desktop-oneTwo-layout has-tablet-equal-layout has-mobile-collapsedRows-layout has-vertical-center has-light-bg\"><div class=\"wp-block-themeisle-blocks-advanced-columns-overlay\"><\/div><div class=\"innerblocks-wrap\">\n<div id=\"wp-block-themeisle-blocks-advanced-column-0a334cee\" class=\"wp-block-themeisle-blocks-advanced-column\">\n<h4 class=\"wp-block-heading has-neve-button-color-color has-text-color\"><strong>\u00dcber mich<\/strong><\/h4>\n\n\n\n<h2 class=\"wp-block-heading\">Geschichte des Massagesalons<\/h2>\n\n\n\n<p>Als ich dieses Haus gekauft habe, mein erster Gedanke war, hier eine kleine Insel aufbauen, wo meine G\u00e4ste f\u00fchlen sie sich wie zu Hause. Sie kommen zur Behandlung, und setzten sich dann in den Garten, in dem sie die entspannende Natur geniessen k\u00f6nnen.<\/p>\n\n\n\n<div class=\"wp-block-buttons is-layout-flex wp-block-buttons-is-layout-flex\">\n<div class=\"wp-block-button is-style-primary\"><a class=\"wp-block-button__link has-neve-button-color-background-color has-background wp-element-button\" href=\"https:\/\/katamasszazsstudio.com\/de\/ubermich\" rel=\"https:\/\/rgwebstudio.hu\/root\/classes\/\">Mehr lesen<\/a><\/div>\n<\/div>\n<\/div>\n\n\n\n<div id=\"wp-block-themeisle-blocks-advanced-column-bbb02966\" class=\"wp-block-themeisle-blocks-advanced-column\">\n<figure class=\"wp-block-image size-full\"><img loading=\"lazy\" decoding=\"async\" width=\"1480\" height=\"987\" src=\"https:\/\/rgwebstudio.hu\/root\/wp-content\/uploads\/2023\/07\/IMG_1403.png\" alt=\"\" class=\"wp-image-275\" srcset=\"https:\/\/katamasszazsstudio.com\/de\/wp-content\/uploads\/2023\/07\/IMG_1403.png 1480w, https:\/\/katamasszazsstudio.com\/de\/wp-content\/uploads\/2023\/07\/IMG_1403-600x400.png 600w, https:\/\/katamasszazsstudio.com\/de\/wp-content\/uploads\/2023\/07\/IMG_1403-768x512.png 768w, https:\/\/katamasszazsstudio.com\/de\/wp-content\/uploads\/2023\/07\/IMG_1403-930x620.png 930w\" sizes=\"auto, (max-width: 1480px) 100vw, 1480px\" \/><\/figure>\n<\/div>\n<\/div><\/div>\n\n\n\n<div id=\"wp-block-themeisle-blocks-advanced-columns-7ba7d6c5\" class=\"wp-block-themeisle-blocks-advanced-columns alignfull has-1-columns has-desktop-equal-layout has-tablet-equal-layout has-mobile-equal-layout has-vertical-unset has-light-bg\"><div class=\"wp-block-themeisle-blocks-advanced-columns-overlay\"><\/div><div class=\"innerblocks-wrap\">\n<div id=\"wp-block-themeisle-blocks-advanced-column-595d406b\" class=\"wp-block-themeisle-blocks-advanced-column\">\n<h4 class=\"wp-block-heading has-text-align-center has-neve-button-color-color has-text-color\"><strong><strong>Die Vorteile der Massage<\/strong><\/strong><\/h4>\n\n\n\n<h2 class=\"wp-block-heading has-text-align-center\">Welche positiven Auswirkungen gibt es?<\/h2>\n<\/div>\n<\/div><\/div>\n\n\n\n<div id=\"wp-block-themeisle-blocks-advanced-columns-7701d3d7\" class=\"wp-block-themeisle-blocks-advanced-columns alignfull has-3-columns has-desktop-equal-layout has-tablet-equal-layout has-mobile-collapsedRows-layout has-vertical-unset has-light-bg\"><div class=\"wp-block-themeisle-blocks-advanced-columns-overlay\"><\/div><div class=\"innerblocks-wrap\">\n<div id=\"wp-block-themeisle-blocks-advanced-column-13d4f956\" class=\"wp-block-themeisle-blocks-advanced-column has-light-bg\">\n<div class=\"wp-block-themeisle-blocks-service\">\n<div id=\"wp-block-themeisle-blocks-font-awesome-icons-c4bb8156\" class=\"wp-block-themeisle-blocks-font-awesome-icons\"><span class=\"wp-block-themeisle-blocks-font-awesome-icons-container\"><i class=\"fas fa-spa\"><\/i><\/span><\/div>\n\n\n\n<h3 class=\"wp-block-heading has-text-align-center\">Internes Gleichgewicht<\/h3>\n\n\n\n<p class=\"has-text-align-center\">Ausruhen, Luft schnappen, K\u00f6rper und Geist erfrischen.<\/p>\n<\/div>\n<\/div>\n\n\n\n<div id=\"wp-block-themeisle-blocks-advanced-column-6f411ab5\" class=\"wp-block-themeisle-blocks-advanced-column has-light-bg\">\n<div id=\"wp-block-themeisle-blocks-font-awesome-icons-b23f5e28\" class=\"wp-block-themeisle-blocks-font-awesome-icons\"><span class=\"wp-block-themeisle-blocks-font-awesome-icons-container\"><i class=\"fas fa-hands\"><\/i><\/span><\/div>\n\n\n\n<h3 class=\"wp-block-heading has-text-align-center\">Erneuerung<\/h3>\n\n\n\n<p class=\"has-text-align-center\">Muskeln und Gelenke regenerieren sich, die Bewegung wird leichter und die Schmerzen werden gelindert,<br>verschwindet, die Haut wird sch\u00f6ner, der K\u00f6rper wird j\u00fcnger, und oft wird auch eine Gewichtsabnahme ausgel\u00f6st.<\/p>\n<\/div>\n\n\n\n<div id=\"wp-block-themeisle-blocks-advanced-column-ca5863bc\" class=\"wp-block-themeisle-blocks-advanced-column has-light-bg\">\n<div id=\"wp-block-themeisle-blocks-font-awesome-icons-14d6ba26\" class=\"wp-block-themeisle-blocks-font-awesome-icons\"><span class=\"wp-block-themeisle-blocks-font-awesome-icons-container\"><i class=\"fas fa-infinity\"><\/i><\/span><\/div>\n\n\n\n<h3 class=\"wp-block-heading has-text-align-center\">Erh\u00f6ht die Ausdauer<\/h3>\n\n\n\n<p class=\"has-text-align-center\">Verbesserte Arbeitsbelastung des K\u00f6rpers.<\/p>\n<\/div>\n<\/div><\/div>\n\n\n\n<div id=\"wp-block-themeisle-blocks-advanced-columns-b062e563\" class=\"wp-block-themeisle-blocks-advanced-columns alignfull has-2-columns has-desktop-equal-layout has-tablet-equal-layout has-mobile-collapsedRows-layout has-vertical-unset has-light-bg\"><div class=\"wp-block-themeisle-blocks-advanced-columns-overlay\"><\/div><div class=\"innerblocks-wrap\">\n<div id=\"wp-block-themeisle-blocks-advanced-column-33a3a6aa\" class=\"wp-block-themeisle-blocks-advanced-column has-light-bg\">\n<div class=\"wp-block-themeisle-blocks-service\">\n<div id=\"wp-block-themeisle-blocks-font-awesome-icons-70d519b5\" class=\"wp-block-themeisle-blocks-font-awesome-icons\"><span class=\"wp-block-themeisle-blocks-font-awesome-icons-container\"><i class=\"fas fa-hamsa\"><\/i><\/span><\/div>\n\n\n\n<h3 class=\"wp-block-heading has-text-align-center\">Bewusstheit<\/h3>\n\n\n\n<p class=\"has-text-align-center\">Leider haben wir keine lebenslange Garantie auf unseren K\u00f6rper, also m\u00fcssen wir uns um ihn k\u00fcmmern.<br>Tun Sie etwas f\u00fcr sich selbst und Ihr K\u00f6rper wird es Ihnen danken.<\/p>\n<\/div>\n<\/div>\n\n\n\n<div id=\"wp-block-themeisle-blocks-advanced-column-f14c98cc\" class=\"wp-block-themeisle-blocks-advanced-column has-light-bg\">\n<div id=\"wp-block-themeisle-blocks-font-awesome-icons-bc2e32d6\" class=\"wp-block-themeisle-blocks-font-awesome-icons\"><span class=\"wp-block-themeisle-blocks-font-awesome-icons-container\"><i class=\"fas fa-om\"><\/i><\/span><\/div>\n\n\n\n<h3 class=\"wp-block-heading has-text-align-center\">Gesundheit<\/h3>\n\n\n\n<p class=\"has-text-align-center\">Eine bessere Lebensqualit\u00e4t.<\/p>\n<\/div>\n<\/div><\/div>\n\n\n\n<div id=\"wp-block-themeisle-blocks-advanced-columns-4b23d2a7\" class=\"wp-block-themeisle-blocks-advanced-columns alignfull has-1-columns has-desktop-equal-layout has-tablet-equal-layout has-mobile-equal-layout has-vertical-unset has-dark-bg\"><div class=\"wp-block-themeisle-blocks-advanced-columns-overlay\"><\/div><div class=\"innerblocks-wrap\">\n<div id=\"wp-block-themeisle-blocks-advanced-column-bb15f75a\" class=\"wp-block-themeisle-blocks-advanced-column\">\n<div id=\"wp-block-themeisle-blocks-font-awesome-icons-de851078\" class=\"wp-block-themeisle-blocks-font-awesome-icons\"><span class=\"wp-block-themeisle-blocks-font-awesome-icons-container\"><i class=\"fas fa-spa\"><\/i><\/span><\/div>\n\n\n\n<h2 class=\"wp-block-heading has-text-align-center has-nv-text-dark-bg-color has-text-color\">Um einen Termin zu vereinbaren, rufen Sie bitte an<\/h2>\n\n\n\n<hr class=\"wp-block-separator has-text-color has-nv-text-dark-bg-color has-css-opacity has-nv-text-dark-bg-background-color has-background\"\/>\n\n\n\n<div class=\"wp-block-buttons is-horizontal is-content-justification-center is-layout-flex wp-container-core-buttons-is-layout-499968f5 wp-block-buttons-is-layout-flex\">\n<div class=\"wp-block-button is-style-primary\"><a class=\"wp-block-button__link has-neve-btn-bg-hover-background-color has-background wp-element-button\" href=\"tel:+36204280203\" rel=\"I want to join for a free course\">+36 20 428 0203<\/a><\/div>\n<\/div>\n<\/div>\n<\/div><\/div>\n\n\n\n<div id=\"wp-block-themeisle-blocks-advanced-columns-c8acd77c\" class=\"wp-block-themeisle-blocks-advanced-columns alignfull has-3-columns has-desktop-equal-layout has-tablet-equal-layout has-mobile-collapsedRows-layout has-vertical-unset has-light-bg\"><div class=\"wp-block-themeisle-blocks-advanced-columns-overlay\"><\/div><div class=\"innerblocks-wrap\">\n<div id=\"wp-block-themeisle-blocks-advanced-column-081b3307\" class=\"wp-block-themeisle-blocks-advanced-column\">\n<h2 class=\"wp-block-heading\">Positive Gedanken<\/h2>\n<\/div>\n\n\n\n<div id=\"wp-block-themeisle-blocks-advanced-column-7580aa32\" class=\"wp-block-themeisle-blocks-advanced-column\">\n<p>&#8222;Die Massage heilt nicht nur den K\u00f6rper, sondern beruhigt auch die Seele&#8221;.<\/p>\n<\/div>\n\n\n\n<div id=\"wp-block-themeisle-blocks-advanced-column-1e721d0e\" class=\"wp-block-themeisle-blocks-advanced-column\">\n<p>&#8222;Massage ist kein Luxus, sondern eine Investition in die Gesundheit und eine bessere Lebensqualit\u00e4t.&#8221;<\/p>\n<\/div>\n<\/div><\/div>\n","protected":false},"excerpt":{"rendered":"","protected":false},"author":1,"featured_media":0,"parent":0,"menu_order":0,"comment_status":"closed","ping_status":"closed","template":"page-templates\/template-pagebuilder-full-width.php","meta":{"neve_meta_sidebar":"full-width","neve_meta_container":"","neve_meta_enable_content_width":"on","neve_meta_content_width":100,"neve_meta_title_alignment":"","neve_meta_author_avatar":"","neve_post_elements_order":"","neve_meta_disable_header":"","neve_meta_disable_footer":"","neve_meta_disable_title":"on","_themeisle_gutenberg_block_has_review":false,"_ti_tpc_template_sync":false,"_ti_tpc_template_id":"qkaru9pvduiwmsp9lfih","footnotes":""},"class_list":["post-94","page","type-page","status-publish","hentry"],"_links":{"self":[{"href":"https:\/\/katamasszazsstudio.com\/de\/wp-json\/wp\/v2\/pages\/94","targetHints":{"allow":["GET"]}}],"collection":[{"href":"https:\/\/katamasszazsstudio.com\/de\/wp-json\/wp\/v2\/pages"}],"about":[{"href":"https:\/\/katamasszazsstudio.com\/de\/wp-json\/wp\/v2\/types\/page"}],"author":[{"embeddable":true,"href":"https:\/\/katamasszazsstudio.com\/de\/wp-json\/wp\/v2\/users\/1"}],"replies":[{"embeddable":true,"href":"https:\/\/katamasszazsstudio.com\/de\/wp-json\/wp\/v2\/comments?post=94"}],"version-history":[{"count":26,"href":"https:\/\/katamasszazsstudio.com\/de\/wp-json\/wp\/v2\/pages\/94\/revisions"}],"predecessor-version":[{"id":423,"href":"https:\/\/katamasszazsstudio.com\/de\/wp-json\/wp\/v2\/pages\/94\/revisions\/423"}],"wp:attachment":[{"href":"https:\/\/katamasszazsstudio.com\/de\/wp-json\/wp\/v2\/media?parent=94"}],"curies":[{"name":"wp","href":"https:\/\/api.w.org\/{rel}","templated":true}]}}