{"id":109,"date":"2020-05-17T19:36:50","date_gmt":"2020-05-17T19:36:50","guid":{"rendered":"https:\/\/demosites.io\/yoga-studio-gb\/?page_id=109"},"modified":"2023-08-14T16:50:02","modified_gmt":"2023-08-14T16:50:02","slug":"dienstleistungen","status":"publish","type":"page","link":"https:\/\/katamasszazsstudio.com\/de\/dienstleistungen\/","title":{"rendered":"Dienstleistungen"},"content":{"rendered":"\n<div id=\"wp-block-themeisle-blocks-advanced-columns-de58857b\" class=\"wp-block-themeisle-blocks-advanced-columns alignfull has-1-columns has-desktop-equal-layout has-tablet-equal-layout has-mobile-equal-layout has-vertical-unset\"><div class=\"wp-block-themeisle-blocks-advanced-columns-overlay\"><\/div><div class=\"innerblocks-wrap\">\n<div id=\"wp-block-themeisle-blocks-advanced-column-f2953736\" class=\"wp-block-themeisle-blocks-advanced-column\">\n<h1 id=\"wp-block-themeisle-blocks-advanced-heading-7665c6b9\" class=\"wp-block-themeisle-blocks-advanced-heading wp-block-themeisle-blocks-advanced-heading-7665c6b9\">Massage Arten<\/h1>\n\n\n\n<p class=\"has-text-align-center has-nv-site-bg-color has-text-color has-medium-font-size\"><strong>Ich f\u00f6rdere die Muskelentspannung mit Lavasteinen.<\/strong><\/p>\n<\/div>\n<\/div><\/div>\n\n\n\n<div id=\"wp-block-themeisle-blocks-advanced-columns-55673110\" class=\"wp-block-themeisle-blocks-advanced-columns alignfull has-1-columns has-desktop-equal-layout has-tablet-equal-layout has-mobile-equal-layout has-vertical-unset\"><div class=\"wp-block-themeisle-blocks-advanced-columns-overlay\"><\/div><div class=\"innerblocks-wrap\">\n<div id=\"wp-block-themeisle-blocks-advanced-column-3bb706f3\" class=\"wp-block-themeisle-blocks-advanced-column\">\n<p class=\"has-text-align-center\" style=\"font-size:1.4rem\">Es gibt keine zwei gleichen Menschen, sowie auch keine zwei gleichen Massagen.<\/p>\n<\/div>\n<\/div><\/div>\n\n\n\n<div id=\"wp-block-themeisle-blocks-advanced-columns-e791a706\" class=\"wp-block-themeisle-blocks-advanced-columns alignfull has-2-columns has-desktop-equal-layout has-tablet-equal-layout has-mobile-collapsedRows-layout has-vertical-unset\"><div class=\"wp-block-themeisle-blocks-advanced-columns-overlay\"><\/div><div class=\"innerblocks-wrap\">\n<div id=\"wp-block-themeisle-blocks-advanced-column-7d6af005\" class=\"wp-block-themeisle-blocks-advanced-column\">\n<div style=\"height:300px\" aria-hidden=\"true\" class=\"wp-block-spacer\"><\/div>\n<\/div>\n\n\n\n<div id=\"wp-block-themeisle-blocks-advanced-column-6ffd9acd\" class=\"wp-block-themeisle-blocks-advanced-column has-light-bg\">\n<p class=\"has-text-align-center has-medium-font-size\"><strong>Heilende Massagen<\/strong><\/p>\n\n\n\n<h2 class=\"wp-block-heading has-text-align-center\">Heilmassage<\/h2>\n\n\n\n<p class=\"has-text-align-center\">1.  Erstgespr\u00e4ch<\/p>\n\n\n\n<div class=\"wp-block-group is-vertical is-content-justification-center is-layout-flex wp-container-core-group-is-layout-48c2c4f0 wp-block-group-is-layout-flex\">\n<p><strong>25 minuten &#8211; 10 EUR<\/strong><\/p>\n\n\n\n<p class=\"has-text-align-center\">2. Diese Massage behandelt Problembereiche gezielt<\/p>\n\n\n\n<p class=\"has-text-align-center\"><strong>50 minuten &#8211; 20 EUR<\/strong><\/p>\n<\/div>\n<\/div>\n<\/div><\/div>\n\n\n\n<div id=\"wp-block-themeisle-blocks-advanced-columns-16fac211\" class=\"wp-block-themeisle-blocks-advanced-columns alignfull has-2-columns has-desktop-equal-layout has-tablet-equal-layout has-mobile-collapsedRows-layout has-reverse-columns-mobile has-vertical-unset\"><div class=\"wp-block-themeisle-blocks-advanced-columns-overlay\"><\/div><div class=\"innerblocks-wrap\">\n<div id=\"wp-block-themeisle-blocks-advanced-column-ed73681d\" class=\"wp-block-themeisle-blocks-advanced-column has-light-bg\">\n<h2 class=\"wp-block-heading has-text-align-center\">Fuxreflexzonen Massage<\/h2>\n\n\n\n<p class=\"has-text-align-center\">Durch die Massage der Reflexzonen werden unsere inneren Organe in ihrer Funktion unterst\u00fctzt.<\/p>\n\n\n\n<p class=\"has-text-align-center\"><strong>25 minuten &#8211; 12 EUR<\/strong><\/p>\n<\/div>\n\n\n\n<div id=\"wp-block-themeisle-blocks-advanced-column-6b6a948a\" class=\"wp-block-themeisle-blocks-advanced-column\">\n<div style=\"height:300px\" aria-hidden=\"true\" class=\"wp-block-spacer\"><\/div>\n<\/div>\n<\/div><\/div>\n\n\n\n<div id=\"wp-block-themeisle-blocks-advanced-columns-e4c8621b\" class=\"wp-block-themeisle-blocks-advanced-columns alignfull has-2-columns has-desktop-equal-layout has-tablet-equal-layout has-mobile-collapsedRows-layout has-vertical-unset\"><div class=\"wp-block-themeisle-blocks-advanced-columns-overlay\"><\/div><div class=\"innerblocks-wrap\">\n<div id=\"wp-block-themeisle-blocks-advanced-column-c0c84255\" class=\"wp-block-themeisle-blocks-advanced-column\">\n<div style=\"height:300px\" aria-hidden=\"true\" class=\"wp-block-spacer\"><\/div>\n<\/div>\n\n\n\n<div id=\"wp-block-themeisle-blocks-advanced-column-dac4969e\" class=\"wp-block-themeisle-blocks-advanced-column has-light-bg\">\n<h2 class=\"wp-block-heading has-text-align-center\">Kr\u00e4uter\u00f6l Massage mit Bl\u00fctenessenz<\/h2>\n\n\n\n<p class=\"has-text-align-center\">Kr\u00e4uter\u00f6l sorgt f\u00fcr ein besseres Wohlbefinden der Seele und K\u00f6rper.<\/p>\n\n\n\n<p class=\"has-text-align-center\"><strong>60 minuten &#8211; 23 EUR<\/strong><\/p>\n<\/div>\n<\/div><\/div>\n\n\n\n<div id=\"wp-block-themeisle-blocks-advanced-columns-ceec14b8\" class=\"wp-block-themeisle-blocks-advanced-columns alignfull has-2-columns has-desktop-equal-layout has-tablet-equal-layout has-mobile-collapsedRows-layout has-vertical-unset\"><div class=\"wp-block-themeisle-blocks-advanced-columns-overlay\"><\/div><div class=\"innerblocks-wrap\">\n<div id=\"wp-block-themeisle-blocks-advanced-column-58785f86\" class=\"wp-block-themeisle-blocks-advanced-column\">\n<div style=\"height:300px\" aria-hidden=\"true\" class=\"wp-block-spacer\"><\/div>\n<\/div>\n\n\n\n<div id=\"wp-block-themeisle-blocks-advanced-column-847f4acb\" class=\"wp-block-themeisle-blocks-advanced-column has-light-bg\">\n<p class=\"has-text-align-center has-medium-font-size\"><strong>Erfrischungsmassage<\/strong><\/p>\n\n\n\n<h2 class=\"wp-block-heading has-text-align-center\">Kopfmassage<\/h2>\n\n\n\n<p class=\"has-text-align-center\">Eine Kopfmassage kann dabei helfen den Stress zu reduzieren, Verspannungen l\u00f6sen.<\/p>\n\n\n\n<p class=\"has-text-align-center\"><strong>25 minuten &#8211; 10 EUR<\/strong><\/p>\n<\/div>\n<\/div><\/div>\n\n\n\n<div id=\"wp-block-themeisle-blocks-advanced-columns-db8241af\" class=\"wp-block-themeisle-blocks-advanced-columns alignfull has-2-columns has-desktop-equal-layout has-tablet-equal-layout has-mobile-collapsedRows-layout has-reverse-columns-mobile has-vertical-unset\"><div class=\"wp-block-themeisle-blocks-advanced-columns-overlay\"><\/div><div class=\"innerblocks-wrap\">\n<div id=\"wp-block-themeisle-blocks-advanced-column-79c7e495\" class=\"wp-block-themeisle-blocks-advanced-column has-light-bg\">\n<h2 class=\"wp-block-heading has-text-align-center\">Entspannungs-<\/h2>\n\n\n\n<h2 class=\"wp-block-heading has-text-align-center\">massage<\/h2>\n\n\n\n<p class=\"has-text-align-center\">Bei der Entspannungsmassage werden durch rhytmischen Knetungen und Streichungen des Gewebes die Durchblutung der Haut, Muskulatur und der Sehnen angeregt.<\/p>\n\n\n\n<p class=\"has-text-align-center\"><strong>25 minuten &#8211; 10 EUR<\/strong><\/p>\n\n\n\n<p class=\"has-text-align-center\"><strong>40 minuten &#8211; 20 EUR<\/strong><\/p>\n<\/div>\n\n\n\n<div id=\"wp-block-themeisle-blocks-advanced-column-8914e0c0\" class=\"wp-block-themeisle-blocks-advanced-column\">\n<div style=\"height:300px\" aria-hidden=\"true\" class=\"wp-block-spacer\"><\/div>\n<\/div>\n<\/div><\/div>\n\n\n\n<div id=\"wp-block-themeisle-blocks-advanced-columns-1f4693a5\" class=\"wp-block-themeisle-blocks-advanced-columns alignfull has-2-columns has-desktop-equal-layout has-tablet-equal-layout has-mobile-collapsedRows-layout has-vertical-unset\"><div class=\"wp-block-themeisle-blocks-advanced-columns-overlay\"><\/div><div class=\"innerblocks-wrap\">\n<div id=\"wp-block-themeisle-blocks-advanced-column-1875f482\" class=\"wp-block-themeisle-blocks-advanced-column\">\n<div style=\"height:300px\" aria-hidden=\"true\" class=\"wp-block-spacer\"><\/div>\n<\/div>\n\n\n\n<div id=\"wp-block-themeisle-blocks-advanced-column-166a9d0b\" class=\"wp-block-themeisle-blocks-advanced-column has-light-bg\">\n<h2 class=\"wp-block-heading has-text-align-center\">Cellulitmassage<\/h2>\n\n\n\n<p class=\"has-text-align-center\">Diese Massage Typ regt die Durchblutung an und strafft die Haut nachweislich<\/p>\n\n\n\n<p class=\"has-text-align-center\"><strong>60 minuten &#8211; 24 EUR<\/strong><\/p>\n<\/div>\n<\/div><\/div>\n\n\n\n<div id=\"wp-block-themeisle-blocks-advanced-columns-77871132\" class=\"wp-block-themeisle-blocks-advanced-columns alignfull has-1-columns has-desktop-equal-layout has-tablet-equal-layout has-mobile-equal-layout has-vertical-unset has-dark-bg\"><div class=\"wp-block-themeisle-blocks-advanced-columns-overlay\"><\/div><div class=\"innerblocks-wrap\">\n<div id=\"wp-block-themeisle-blocks-advanced-column-43297be3\" class=\"wp-block-themeisle-blocks-advanced-column\">\n<div id=\"wp-block-themeisle-blocks-font-awesome-icons-ab06c663\" class=\"wp-block-themeisle-blocks-font-awesome-icons\"><span class=\"wp-block-themeisle-blocks-font-awesome-icons-container\"><i class=\"fas fa-spa\"><\/i><\/span><\/div>\n\n\n\n<h2 class=\"wp-block-heading has-text-align-center has-nv-text-dark-bg-color has-text-color\">Um einen Termin zu vereinbaren, rufen Sie bitte an<\/h2>\n\n\n\n<hr class=\"wp-block-separator has-text-color has-nv-text-dark-bg-color has-css-opacity has-nv-text-dark-bg-background-color has-background\"\/>\n\n\n\n<div class=\"wp-block-buttons is-horizontal is-content-justification-center is-layout-flex wp-container-core-buttons-is-layout-499968f5 wp-block-buttons-is-layout-flex\">\n<div class=\"wp-block-button is-style-primary\"><a class=\"wp-block-button__link wp-element-button\" href=\"tel:+36204280203\">+06 20 428 0203<\/a><\/div>\n<\/div>\n<\/div>\n<\/div><\/div>\n","protected":false},"excerpt":{"rendered":"","protected":false},"author":1,"featured_media":0,"parent":0,"menu_order":0,"comment_status":"closed","ping_status":"closed","template":"page-templates\/template-pagebuilder-full-width.php","meta":{"neve_meta_sidebar":"full-width","neve_meta_container":"","neve_meta_enable_content_width":"on","neve_meta_content_width":100,"neve_meta_title_alignment":"","neve_meta_author_avatar":"","neve_post_elements_order":"","neve_meta_disable_header":"","neve_meta_disable_footer":"","neve_meta_disable_title":"on","_themeisle_gutenberg_block_has_review":false,"_ti_tpc_template_sync":false,"_ti_tpc_template_id":"tfwj45guj21ekyibd2rz","footnotes":""},"class_list":["post-109","page","type-page","status-publish","hentry"],"_links":{"self":[{"href":"https:\/\/katamasszazsstudio.com\/de\/wp-json\/wp\/v2\/pages\/109","targetHints":{"allow":["GET"]}}],"collection":[{"href":"https:\/\/katamasszazsstudio.com\/de\/wp-json\/wp\/v2\/pages"}],"about":[{"href":"https:\/\/katamasszazsstudio.com\/de\/wp-json\/wp\/v2\/types\/page"}],"author":[{"embeddable":true,"href":"https:\/\/katamasszazsstudio.com\/de\/wp-json\/wp\/v2\/users\/1"}],"replies":[{"embeddable":true,"href":"https:\/\/katamasszazsstudio.com\/de\/wp-json\/wp\/v2\/comments?post=109"}],"version-history":[{"count":24,"href":"https:\/\/katamasszazsstudio.com\/de\/wp-json\/wp\/v2\/pages\/109\/revisions"}],"predecessor-version":[{"id":433,"href":"https:\/\/katamasszazsstudio.com\/de\/wp-json\/wp\/v2\/pages\/109\/revisions\/433"}],"wp:attachment":[{"href":"https:\/\/katamasszazsstudio.com\/de\/wp-json\/wp\/v2\/media?parent=109"}],"curies":[{"name":"wp","href":"https:\/\/api.w.org\/{rel}","templated":true}]}}