{"id":103,"date":"2020-05-17T19:14:57","date_gmt":"2020-05-17T19:14:57","guid":{"rendered":"https:\/\/demosites.io\/yoga-studio-gb\/?page_id=103"},"modified":"2023-08-14T16:18:27","modified_gmt":"2023-08-14T16:18:27","slug":"kontakt","status":"publish","type":"page","link":"https:\/\/katamasszazsstudio.com\/de\/kontakt\/","title":{"rendered":"Kontakt"},"content":{"rendered":"\n<div id=\"wp-block-themeisle-blocks-advanced-columns-de58857b\" class=\"wp-block-themeisle-blocks-advanced-columns alignfull has-1-columns has-desktop-equal-layout has-tablet-equal-layout has-mobile-equal-layout has-vertical-unset\"><div class=\"wp-block-themeisle-blocks-advanced-columns-overlay\"><\/div><div class=\"innerblocks-wrap\">\n<div id=\"wp-block-themeisle-blocks-advanced-column-f2953736\" class=\"wp-block-themeisle-blocks-advanced-column\">\n<div id=\"wp-block-themeisle-blocks-font-awesome-icons-2f936e33\" class=\"wp-block-themeisle-blocks-font-awesome-icons\"><span class=\"wp-block-themeisle-blocks-font-awesome-icons-container\"><i class=\"far fa-comments\"><\/i><\/span><\/div>\n\n\n\n<h1 id=\"wp-block-themeisle-blocks-advanced-heading-1d382bba\" class=\"wp-block-themeisle-blocks-advanced-heading wp-block-themeisle-blocks-advanced-heading-1d382bba\">Bleiben Sie in Kontakt!<\/h1>\n<\/div>\n<\/div><\/div>\n\n\n\n<div id=\"wp-block-themeisle-blocks-advanced-columns-4f3ae4cc\" class=\"wp-block-themeisle-blocks-advanced-columns alignwide has-1-columns has-desktop-equal-layout has-tablet-equal-layout has-mobile-collapsedRows-layout has-vertical-unset has-vertical-undefined ticss-d194bb2c has-light-bg\"><div class=\"wp-block-themeisle-blocks-advanced-columns-overlay\"><\/div><div class=\"innerblocks-wrap\">\n<div id=\"wp-block-themeisle-blocks-advanced-column-3a11072a\" class=\"wp-block-themeisle-blocks-advanced-column\">\n<h4 class=\"wp-block-heading has-text-align-center has-neve-link-hover-color-color has-text-color\"><strong>Haben Sie eine Frage?<\/strong><\/h4>\n\n\n\n<h2 class=\"wp-block-heading has-text-align-center\">Senden Sie mir eine Nachricht<\/h2>\n\n\n\n<h6 class=\"wp-block-heading has-text-align-center\"><strong>Kata Massz\u00e1zs St\u00fadi\u00f3<\/strong><\/h6>\n\n\n\n<p class=\"has-text-align-center\"><strong>Adresse: 9436 Fert\u0151sz\u00e9plak, Mez\u0151 utca 8.<\/strong><\/p>\n\n\n\n<p class=\"has-text-align-center\"><strong>E-Mail: amenofus17@gmail.com<\/strong><\/p>\n\n\n\n<p class=\"has-text-align-center\"><strong>Telefon: +06 20 428 0203<\/strong><\/p>\n<\/div>\n<\/div><\/div>\n\n\n\n<p><iframe loading=\"lazy\" style=\"border: 0;\" src=\"https:\/\/www.google.com\/maps\/embed?pb=!1m18!1m12!1m3!1d2689.361374166658!2d16.845916611690335!3d47.619106271070784!2m3!1f0!2f0!3f0!3m2!1i1024!2i768!4f13.1!3m3!1m2!1s0x476c1a90e702962d%3A0x64b9652345e1f370!2zRmVydMWRc3rDqXBsYWssIE1lesWRIHUuIDgsIDk0MzY!5e0!3m2!1shu!2shu!4v1692029187561!5m2!1shu!2shu\" width=\"100%\" height=\"400\" allowfullscreen=\"allowfullscreen\"><\/iframe><\/p>\n\n\n\n<div id=\"wp-block-themeisle-blocks-advanced-columns-f6714dd7\" class=\"wp-block-themeisle-blocks-advanced-columns alignfull has-3-columns has-desktop-equal-layout has-tablet-equal-layout has-mobile-collapsedRows-layout has-vertical-unset has-dark-bg\"><div class=\"wp-block-themeisle-blocks-advanced-columns-overlay\"><\/div><div class=\"innerblocks-wrap\">\n<div id=\"wp-block-themeisle-blocks-advanced-column-0071d223\" class=\"wp-block-themeisle-blocks-advanced-column\">\n<h3 class=\"wp-block-heading has-text-align-center has-white-color has-text-color\">Adresse<\/h3>\n\n\n\n<div id=\"wp-block-themeisle-blocks-button-group-06a580df\" class=\"wp-block-themeisle-blocks-button-group wp-block-buttons align-center\">\n<div id=\"wp-block-themeisle-blocks-button-00ed9443\" class=\"wp-block-themeisle-blocks-button wp-block-button  is-style-plain\"><a href=\"\" target=\"_self\" rel=\"noopener noreferrer\" class=\"wp-block-button__link\"><span>Kata Massz\u00e1zs St\u00fadi\u00f3<\/span><\/a><\/div>\n<\/div>\n\n\n\n<div id=\"wp-block-themeisle-blocks-icon-list-e5ec953c\" class=\"wp-block-themeisle-blocks-icon-list\">\n<div id=\"wp-block-themeisle-blocks-icon-list-item-a656cf2a\" class=\"wp-block-themeisle-blocks-icon-list-item\"><i class=\"fas fa-map-marker wp-block-themeisle-blocks-icon-list-item-icon\"><\/i><p class=\"wp-block-themeisle-blocks-icon-list-item-content-custom\"><strong>9436<\/strong> <strong>Fert\u0151sz\u00e9plak, Mez\u0151 utca 1.<\/strong><\/p><\/div>\n\n\n\n<div id=\"wp-block-themeisle-blocks-icon-list-item-16fec1d6\" class=\"wp-block-themeisle-blocks-icon-list-item\"><i class=\"fas fa-phone-square-alt wp-block-themeisle-blocks-icon-list-item-icon-custom\"><\/i><p class=\"wp-block-themeisle-blocks-icon-list-item-content-custom\"><strong>Telefon: +06 20 428 0203<\/strong><\/p><\/div>\n<\/div>\n<\/div>\n\n\n\n<div id=\"wp-block-themeisle-blocks-advanced-column-4a2ac571\" class=\"wp-block-themeisle-blocks-advanced-column\">\n<h3 class=\"wp-block-heading has-text-align-center has-white-color has-text-color\">N\u00fctzliche Seiten<\/h3>\n\n\n\n<div id=\"wp-block-themeisle-blocks-icon-list-64652cfd\" class=\"wp-block-themeisle-blocks-icon-list\">\n<div id=\"wp-block-themeisle-blocks-icon-list-item-3aa8d457\" class=\"wp-block-themeisle-blocks-icon-list-item\"><i class=\"fas fa-feather-alt wp-block-themeisle-blocks-icon-list-item-icon\"><\/i><p class=\"wp-block-themeisle-blocks-icon-list-item-content\"><strong><a href=\"https:\/\/katamasszazsstudio.com\/de\/blog\">Blog<\/a><\/strong><\/p><\/div>\n\n\n\n<div id=\"wp-block-themeisle-blocks-icon-list-item-ed59d884\" class=\"wp-block-themeisle-blocks-icon-list-item\"><i class=\"fas fa-arrow-circle-right wp-block-themeisle-blocks-icon-list-item-icon\"><\/i><p class=\"wp-block-themeisle-blocks-icon-list-item-content\"><strong><a href=\"https:\/\/katamasszazsstudio.com\/de\/dienstleistungen\">Massage arten<\/a><\/strong><\/p><\/div>\n\n\n\n<div id=\"wp-block-themeisle-blocks-icon-list-item-65657b66\" class=\"wp-block-themeisle-blocks-icon-list-item\"><i class=\"fas fa-user-circle wp-block-themeisle-blocks-icon-list-item-icon\"><\/i><p class=\"wp-block-themeisle-blocks-icon-list-item-content\"><strong><a href=\"https:\/\/katamasszazsstudio.com\/de\/ubermich\">\u00dcber mich<\/a><\/strong><\/p><\/div>\n<\/div>\n<\/div>\n\n\n\n<div id=\"wp-block-themeisle-blocks-advanced-column-e81d388b\" class=\"wp-block-themeisle-blocks-advanced-column\">\n<h3 class=\"wp-block-heading has-text-align-center has-white-color has-text-color\">Social media<\/h3>\n\n\n\n<div id=\"wp-block-themeisle-blocks-icon-list-d0fad669\" class=\"wp-block-themeisle-blocks-icon-list\">\n<div id=\"wp-block-themeisle-blocks-icon-list-item-14c92680\" class=\"wp-block-themeisle-blocks-icon-list-item\"><i class=\"fab fa-facebook-square wp-block-themeisle-blocks-icon-list-item-icon\"><\/i><p class=\"wp-block-themeisle-blocks-icon-list-item-content\"><strong><a href=\"https:\/\/www.facebook.com\/kata.balogh.7370\">Facebook<\/a><\/strong><\/p><\/div>\n<\/div>\n<\/div>\n<\/div><\/div>\n","protected":false},"excerpt":{"rendered":"","protected":false},"author":1,"featured_media":0,"parent":0,"menu_order":0,"comment_status":"closed","ping_status":"closed","template":"page-templates\/template-pagebuilder-full-width.php","meta":{"neve_meta_sidebar":"full-width","neve_meta_container":"","neve_meta_enable_content_width":"on","neve_meta_content_width":100,"neve_meta_title_alignment":"","neve_meta_author_avatar":"","neve_post_elements_order":"","neve_meta_disable_header":"","neve_meta_disable_footer":"","neve_meta_disable_title":"on","_themeisle_gutenberg_block_has_review":false,"_ti_tpc_template_sync":false,"_ti_tpc_template_id":"4339p40dq9urbimcwof8","footnotes":""},"class_list":["post-103","page","type-page","status-publish","hentry"],"_links":{"self":[{"href":"https:\/\/katamasszazsstudio.com\/de\/wp-json\/wp\/v2\/pages\/103","targetHints":{"allow":["GET"]}}],"collection":[{"href":"https:\/\/katamasszazsstudio.com\/de\/wp-json\/wp\/v2\/pages"}],"about":[{"href":"https:\/\/katamasszazsstudio.com\/de\/wp-json\/wp\/v2\/types\/page"}],"author":[{"embeddable":true,"href":"https:\/\/katamasszazsstudio.com\/de\/wp-json\/wp\/v2\/users\/1"}],"replies":[{"embeddable":true,"href":"https:\/\/katamasszazsstudio.com\/de\/wp-json\/wp\/v2\/comments?post=103"}],"version-history":[{"count":23,"href":"https:\/\/katamasszazsstudio.com\/de\/wp-json\/wp\/v2\/pages\/103\/revisions"}],"predecessor-version":[{"id":424,"href":"https:\/\/katamasszazsstudio.com\/de\/wp-json\/wp\/v2\/pages\/103\/revisions\/424"}],"wp:attachment":[{"href":"https:\/\/katamasszazsstudio.com\/de\/wp-json\/wp\/v2\/media?parent=103"}],"curies":[{"name":"wp","href":"https:\/\/api.w.org\/{rel}","templated":true}]}}